{"id":8,"date":"2018-11-03T04:12:53","date_gmt":"2018-11-03T04:12:53","guid":{"rendered":"http:\/\/fab-immobilien.org\/?page_id=8"},"modified":"2021-11-30T14:25:40","modified_gmt":"2021-11-30T14:25:40","slug":"impressum","status":"publish","type":"page","link":"https:\/\/fab-immobilien.org\/","title":{"rendered":"Impressum"},"content":{"rendered":"<p><strong>Postadresse<br \/>\n<\/strong>FaB Immobilien<br \/>\nPostfach 1208<br \/>\n85530 Haar<\/p>\n<p>T. 089 &#8211; 21 55 19 28<br \/>\nE. office (at) fab-immobilien . org<\/p>\n<p>&#8211; &#8211; &#8211; &#8211; &#8211;<br \/>\nHaftungshinweis: Trotz sorgf\u00e4ltiger Kontrolle \u00fcbernehmen wir keine Haftung f\u00fcr die Inhalte externer Links. F\u00fcr den Inhalt der verlinkten Seiten sind ausschlie\u00dflich deren Betreiber verantwortlich.<br \/>\n&#8211; &#8211; &#8211; &#8211; &#8211;<\/p>\n","protected":false},"excerpt":{"rendered":"<div class=\"mh-excerpt\"><p>Postadresse FaB Immobilien Postfach 1208 85530 Haar T. 089 &#8211; 21 55 19 28 E. office (at) fab-immobilien . org &#8211; &#8211; &#8211; &#8211; &#8211; <a class=\"mh-excerpt-more\" href=\"https:\/\/fab-immobilien.org\/\" title=\"Impressum\">[&#8230;]<\/a><\/p>\n<\/div>","protected":false},"author":1,"featured_media":0,"parent":0,"menu_order":0,"comment_status":"closed","ping_status":"closed","template":"","meta":{"footnotes":""},"class_list":["post-8","page","type-page","status-publish","hentry"],"_links":{"self":[{"href":"https:\/\/fab-immobilien.org\/index.php?rest_route=\/wp\/v2\/pages\/8","targetHints":{"allow":["GET"]}}],"collection":[{"href":"https:\/\/fab-immobilien.org\/index.php?rest_route=\/wp\/v2\/pages"}],"about":[{"href":"https:\/\/fab-immobilien.org\/index.php?rest_route=\/wp\/v2\/types\/page"}],"author":[{"embeddable":true,"href":"https:\/\/fab-immobilien.org\/index.php?rest_route=\/wp\/v2\/users\/1"}],"replies":[{"embeddable":true,"href":"https:\/\/fab-immobilien.org\/index.php?rest_route=%2Fwp%2Fv2%2Fcomments&post=8"}],"version-history":[{"count":10,"href":"https:\/\/fab-immobilien.org\/index.php?rest_route=\/wp\/v2\/pages\/8\/revisions"}],"predecessor-version":[{"id":66,"href":"https:\/\/fab-immobilien.org\/index.php?rest_route=\/wp\/v2\/pages\/8\/revisions\/66"}],"wp:attachment":[{"href":"https:\/\/fab-immobilien.org\/index.php?rest_route=%2Fwp%2Fv2%2Fmedia&parent=8"}],"curies":[{"name":"wp","href":"https:\/\/api.w.org\/{rel}","templated":true}]}}